{"id":5364,"date":"2021-12-29T11:23:37","date_gmt":"2021-12-29T11:23:37","guid":{"rendered":"https:\/\/proplan.al\/?page_id=5364"},"modified":"2021-12-30T14:39:59","modified_gmt":"2021-12-30T14:39:59","slug":"rreth-nesh","status":"publish","type":"page","link":"https:\/\/proplan.al\/sq\/rreth-nesh\/","title":{"rendered":"Rreth nesh"},"content":{"rendered":"<div data-elementor-type=\"wp-page\" data-elementor-id=\"5364\" class=\"elementor elementor-5364\" data-elementor-settings=\"[]\">\n\t\t\t\t\t\t\t<div class=\"elementor-section-wrap\">\n\t\t\t\t\t\t\t<section data-particle_enable=\"false\" data-particle-mobile-disabled=\"false\" class=\"elementor-section elementor-top-section elementor-element elementor-element-b969b1e elementor-section-content-middle elementor-section-boxed elementor-section-height-default elementor-section-height-default\" data-id=\"b969b1e\" data-element_type=\"section\">\n\t\t\t\t\t\t<div class=\"elementor-container elementor-column-gap-extended\">\n\t\t\t\t\t<div class=\"elementor-column elementor-col-50 elementor-top-column elementor-element elementor-element-6b86712 ot-column-items-top ot-flex-column-vertical\" data-id=\"6b86712\" data-element_type=\"column\">\n\t\t\t<div class=\"elementor-widget-wrap elementor-element-populated\">\n\t\t\t\t\t\t\t\t<div class=\"elementor-element elementor-element-5e1a191 elementor-widget elementor-widget-image\" data-id=\"5e1a191\" data-element_type=\"widget\" data-widget_type=\"image.default\">\n\t\t\t\t<div class=\"elementor-widget-container\">\n\t\t\t<style>\/*! elementor - v3.5.3 - 28-12-2021 *\/\n.elementor-widget-image{text-align:center}.elementor-widget-image a{display:inline-block}.elementor-widget-image a img[src$=\".svg\"]{width:48px}.elementor-widget-image img{vertical-align:middle;display:inline-block}<\/style>\t\t\t\t\t\t\t\t\t\t\t\t<img width=\"1000\" height=\"655\" src=\"https:\/\/proplan.al\/wp-content\/uploads\/2021\/12\/architects-designers-working-office.jpg\" class=\"attachment-full size-full\" alt=\"\" loading=\"lazy\" srcset=\"https:\/\/proplan.al\/wp-content\/uploads\/2021\/12\/architects-designers-working-office.jpg 1000w, https:\/\/proplan.al\/wp-content\/uploads\/2021\/12\/architects-designers-working-office-300x197.jpg 300w, https:\/\/proplan.al\/wp-content\/uploads\/2021\/12\/architects-designers-working-office-768x503.jpg 768w, https:\/\/proplan.al\/wp-content\/uploads\/2021\/12\/architects-designers-working-office-18x12.jpg 18w\" sizes=\"(max-width: 1000px) 100vw, 1000px\" \/>\t\t\t\t\t\t\t\t\t\t\t\t\t\t\t<\/div>\n\t\t\t\t<\/div>\n\t\t\t\t\t<\/div>\n\t\t<\/div>\n\t\t\t\t<div class=\"elementor-column elementor-col-50 elementor-top-column elementor-element elementor-element-3edcd41 ot-flex-column-vertical\" data-id=\"3edcd41\" data-element_type=\"column\">\n\t\t\t<div class=\"elementor-widget-wrap elementor-element-populated\">\n\t\t\t\t\t\t\t\t<div class=\"elementor-element elementor-element-c41ae94 elementor-widget elementor-widget-iheading\" data-id=\"c41ae94\" data-element_type=\"widget\" data-widget_type=\"iheading.default\">\n\t\t\t\t<div class=\"elementor-widget-container\">\n\t\t\t\t\t<div class=\"ot-heading\">\r\n\t        \t            <span>[ rreth proplan ]<\/span>\r\n\t        \t        <h2 class=\"main-heading\">Zgjidhjet m\u00eb t\u00eb mira p\u00ebr hap\u00ebsirat e brendshme<\/h2>\r\n\t        \t    <\/div>\r\n\t    \t\t<\/div>\n\t\t\t\t<\/div>\n\t\t\t\t<div class=\"elementor-element elementor-element-a4e02cb elementor-widget elementor-widget-text-editor\" data-id=\"a4e02cb\" data-element_type=\"widget\" data-widget_type=\"text-editor.default\">\n\t\t\t\t<div class=\"elementor-widget-container\">\n\t\t\t<style>\/*! elementor - v3.5.3 - 28-12-2021 *\/\n.elementor-widget-text-editor.elementor-drop-cap-view-stacked .elementor-drop-cap{background-color:#818a91;color:#fff}.elementor-widget-text-editor.elementor-drop-cap-view-framed .elementor-drop-cap{color:#818a91;border:3px solid;background-color:transparent}.elementor-widget-text-editor:not(.elementor-drop-cap-view-default) .elementor-drop-cap{margin-top:8px}.elementor-widget-text-editor:not(.elementor-drop-cap-view-default) .elementor-drop-cap-letter{width:1em;height:1em}.elementor-widget-text-editor .elementor-drop-cap{float:left;text-align:center;line-height:1;font-size:50px}.elementor-widget-text-editor .elementor-drop-cap-letter{display:inline-block}<\/style>\t\t\t\t<p>Filozofia baz\u00eb e studios son\u00eb \u00ebsht\u00eb t\u00eb krijoj\u00eb zgjidhje individuale, estetikisht mahnit\u00ebse p\u00ebr klient\u00ebt tan\u00eb duke zhvilluar projekte t\u00eb shpejta rrufeje duke p\u00ebrdorur stile dhe arkitektur\u00eb unike. Edhe n\u00ebse nuk keni nj\u00eb skic\u00eb t\u00eb gatshme t\u00eb asaj q\u00eb d\u00ebshironi - ne do t'ju ndihmojm\u00eb t\u00eb merrni rezultatin q\u00eb keni \u00ebnd\u00ebrruar.<\/p>\t\t\t\t\t\t<\/div>\n\t\t\t\t<\/div>\n\t\t\t\t\t<\/div>\n\t\t<\/div>\n\t\t\t\t\t\t\t<\/div>\n\t\t<\/section>\n\t\t\t\t\t\t<\/div>\n\t\t\t\t\t<\/div>","protected":false},"excerpt":{"rendered":"<p>[ about proplan ] Best Interior Solutions The basic philosophy of our studio is to create individual, aesthetically stunning solutions for our customers by lightning-fast development of projects employing unique styles and architecture. Even if you don&#8217;t have a ready sketch of what you want &#8211; we will help you to get the result you [&hellip;]<\/p>","protected":false},"author":1,"featured_media":0,"parent":0,"menu_order":0,"comment_status":"closed","ping_status":"closed","template":"elementor_header_footer","meta":[],"yoast_head":"<!-- This site is optimized with the Yoast SEO plugin v17.9 - https:\/\/yoast.com\/wordpress\/plugins\/seo\/ -->\n<title>PROPLAN | Exterior | Interior | Execution<\/title>\n<meta name=\"robots\" content=\"index, follow, max-snippet:-1, max-image-preview:large, max-video-preview:-1\" \/>\n<link rel=\"canonical\" href=\"https:\/\/proplan.al\/sq\/rreth-nesh\/\" \/>\n<meta property=\"og:locale\" content=\"sq_AL\" \/>\n<meta property=\"og:type\" content=\"article\" \/>\n<meta property=\"og:title\" content=\"PROPLAN | Exterior | Interior | Execution\" \/>\n<meta property=\"og:description\" content=\"[ about proplan ] Best Interior Solutions The basic philosophy of our studio is to create individual, aesthetically stunning solutions for our customers by lightning-fast development of projects employing unique styles and architecture. Even if you don&#8217;t have a ready sketch of what you want &#8211; we will help you to get the result you [&hellip;]\" \/>\n<meta property=\"og:url\" content=\"https:\/\/proplan.al\/sq\/rreth-nesh\/\" \/>\n<meta property=\"og:site_name\" content=\"PROPLAN\" \/>\n<meta property=\"article:modified_time\" content=\"2021-12-30T14:39:59+00:00\" \/>\n<meta property=\"og:image\" content=\"https:\/\/proplan.al\/wp-content\/uploads\/2021\/12\/architects-designers-working-office.jpg\" \/>\n<meta name=\"twitter:card\" content=\"summary_large_image\" \/>\n<script type=\"application\/ld+json\" class=\"yoast-schema-graph\">{\"@context\":\"https:\/\/schema.org\",\"@graph\":[{\"@type\":\"Organization\",\"@id\":\"https:\/\/proplan.al\/#organization\",\"name\":\"Proplan\",\"url\":\"https:\/\/proplan.al\/\",\"sameAs\":[\"https:\/\/instagram.com\/proplan.studio\/\",\"https:\/\/www.youtube.com\/channel\/UCjwvSi9CLru_sQd8YIOYvxg\/featured\"],\"logo\":{\"@type\":\"ImageObject\",\"@id\":\"https:\/\/proplan.al\/#logo\",\"inLanguage\":\"sq\",\"url\":\"https:\/\/proplan.al\/wp-content\/uploads\/2021\/12\/proplan-logo-outline.svg\",\"contentUrl\":\"https:\/\/proplan.al\/wp-content\/uploads\/2021\/12\/proplan-logo-outline.svg\",\"width\":372,\"height\":68,\"caption\":\"Proplan\"},\"image\":{\"@id\":\"https:\/\/proplan.al\/#logo\"}},{\"@type\":\"WebSite\",\"@id\":\"https:\/\/proplan.al\/#website\",\"url\":\"https:\/\/proplan.al\/\",\"name\":\"PROPLAN\",\"description\":\"Exterior | Interior | Execution\",\"publisher\":{\"@id\":\"https:\/\/proplan.al\/#organization\"},\"potentialAction\":[{\"@type\":\"SearchAction\",\"target\":{\"@type\":\"EntryPoint\",\"urlTemplate\":\"https:\/\/proplan.al\/?s={search_term_string}\"},\"query-input\":\"required name=search_term_string\"}],\"inLanguage\":\"sq\"},{\"@type\":\"ImageObject\",\"@id\":\"https:\/\/proplan.al\/rreth-nesh\/#primaryimage\",\"inLanguage\":\"sq\",\"url\":\"https:\/\/proplan.al\/wp-content\/uploads\/2021\/12\/architects-designers-working-office.jpg\",\"contentUrl\":\"https:\/\/proplan.al\/wp-content\/uploads\/2021\/12\/architects-designers-working-office.jpg\",\"width\":1000,\"height\":655,\"caption\":\"Architects and Designers Working in the Office\"},{\"@type\":\"WebPage\",\"@id\":\"https:\/\/proplan.al\/rreth-nesh\/#webpage\",\"url\":\"https:\/\/proplan.al\/rreth-nesh\/\",\"name\":\"PROPLAN | Exterior | Interior | Execution\",\"isPartOf\":{\"@id\":\"https:\/\/proplan.al\/#website\"},\"primaryImageOfPage\":{\"@id\":\"https:\/\/proplan.al\/rreth-nesh\/#primaryimage\"},\"datePublished\":\"2021-12-29T11:23:37+00:00\",\"dateModified\":\"2021-12-30T14:39:59+00:00\",\"breadcrumb\":{\"@id\":\"https:\/\/proplan.al\/rreth-nesh\/#breadcrumb\"},\"inLanguage\":\"sq\",\"potentialAction\":[{\"@type\":\"ReadAction\",\"target\":[\"https:\/\/proplan.al\/rreth-nesh\/\"]}]},{\"@type\":\"BreadcrumbList\",\"@id\":\"https:\/\/proplan.al\/rreth-nesh\/#breadcrumb\",\"itemListElement\":[{\"@type\":\"ListItem\",\"position\":1,\"name\":\"Home\",\"item\":\"https:\/\/proplan.al\/\"},{\"@type\":\"ListItem\",\"position\":2,\"name\":\"Rreth nesh\"}]}]}<\/script>\n<!-- \/ Yoast SEO plugin. -->","yoast_head_json":{"title":"PROPLAN | Exterior | Interior | Execution","robots":{"index":"index","follow":"follow","max-snippet":"max-snippet:-1","max-image-preview":"max-image-preview:large","max-video-preview":"max-video-preview:-1"},"canonical":"https:\/\/proplan.al\/sq\/rreth-nesh\/","og_locale":"sq_AL","og_type":"article","og_title":"PROPLAN | Exterior | Interior | Execution","og_description":"[ about proplan ] Best Interior Solutions The basic philosophy of our studio is to create individual, aesthetically stunning solutions for our customers by lightning-fast development of projects employing unique styles and architecture. Even if you don&#8217;t have a ready sketch of what you want &#8211; we will help you to get the result you [&hellip;]","og_url":"https:\/\/proplan.al\/sq\/rreth-nesh\/","og_site_name":"PROPLAN","article_modified_time":"2021-12-30T14:39:59+00:00","og_image":[{"url":"https:\/\/proplan.al\/wp-content\/uploads\/2021\/12\/architects-designers-working-office.jpg"}],"twitter_card":"summary_large_image","schema":{"@context":"https:\/\/schema.org","@graph":[{"@type":"Organization","@id":"https:\/\/proplan.al\/#organization","name":"Proplan","url":"https:\/\/proplan.al\/","sameAs":["https:\/\/instagram.com\/proplan.studio\/","https:\/\/www.youtube.com\/channel\/UCjwvSi9CLru_sQd8YIOYvxg\/featured"],"logo":{"@type":"ImageObject","@id":"https:\/\/proplan.al\/#logo","inLanguage":"sq","url":"https:\/\/proplan.al\/wp-content\/uploads\/2021\/12\/proplan-logo-outline.svg","contentUrl":"https:\/\/proplan.al\/wp-content\/uploads\/2021\/12\/proplan-logo-outline.svg","width":372,"height":68,"caption":"Proplan"},"image":{"@id":"https:\/\/proplan.al\/#logo"}},{"@type":"WebSite","@id":"https:\/\/proplan.al\/#website","url":"https:\/\/proplan.al\/","name":"PROPLAN","description":"Exterior | Interior | Execution","publisher":{"@id":"https:\/\/proplan.al\/#organization"},"potentialAction":[{"@type":"SearchAction","target":{"@type":"EntryPoint","urlTemplate":"https:\/\/proplan.al\/?s={search_term_string}"},"query-input":"required name=search_term_string"}],"inLanguage":"sq"},{"@type":"ImageObject","@id":"https:\/\/proplan.al\/rreth-nesh\/#primaryimage","inLanguage":"sq","url":"https:\/\/proplan.al\/wp-content\/uploads\/2021\/12\/architects-designers-working-office.jpg","contentUrl":"https:\/\/proplan.al\/wp-content\/uploads\/2021\/12\/architects-designers-working-office.jpg","width":1000,"height":655,"caption":"Architects and Designers Working in the Office"},{"@type":"WebPage","@id":"https:\/\/proplan.al\/rreth-nesh\/#webpage","url":"https:\/\/proplan.al\/rreth-nesh\/","name":"PROPLAN | Exterior | Interior | Execution","isPartOf":{"@id":"https:\/\/proplan.al\/#website"},"primaryImageOfPage":{"@id":"https:\/\/proplan.al\/rreth-nesh\/#primaryimage"},"datePublished":"2021-12-29T11:23:37+00:00","dateModified":"2021-12-30T14:39:59+00:00","breadcrumb":{"@id":"https:\/\/proplan.al\/rreth-nesh\/#breadcrumb"},"inLanguage":"sq","potentialAction":[{"@type":"ReadAction","target":["https:\/\/proplan.al\/rreth-nesh\/"]}]},{"@type":"BreadcrumbList","@id":"https:\/\/proplan.al\/rreth-nesh\/#breadcrumb","itemListElement":[{"@type":"ListItem","position":1,"name":"Home","item":"https:\/\/proplan.al\/"},{"@type":"ListItem","position":2,"name":"Rreth nesh"}]}]}},"_links":{"self":[{"href":"https:\/\/proplan.al\/sq\/wp-json\/wp\/v2\/pages\/5364"}],"collection":[{"href":"https:\/\/proplan.al\/sq\/wp-json\/wp\/v2\/pages"}],"about":[{"href":"https:\/\/proplan.al\/sq\/wp-json\/wp\/v2\/types\/page"}],"author":[{"embeddable":true,"href":"https:\/\/proplan.al\/sq\/wp-json\/wp\/v2\/users\/1"}],"replies":[{"embeddable":true,"href":"https:\/\/proplan.al\/sq\/wp-json\/wp\/v2\/comments?post=5364"}],"version-history":[{"count":13,"href":"https:\/\/proplan.al\/sq\/wp-json\/wp\/v2\/pages\/5364\/revisions"}],"predecessor-version":[{"id":5656,"href":"https:\/\/proplan.al\/sq\/wp-json\/wp\/v2\/pages\/5364\/revisions\/5656"}],"wp:attachment":[{"href":"https:\/\/proplan.al\/sq\/wp-json\/wp\/v2\/media?parent=5364"}],"curies":[{"name":"wp","href":"https:\/\/api.w.org\/{rel}","templated":true}]}}