{"id":5374,"date":"2021-12-29T11:37:04","date_gmt":"2021-12-29T11:37:04","guid":{"rendered":"https:\/\/proplan.al\/?page_id=5374"},"modified":"2021-12-29T11:39:50","modified_gmt":"2021-12-29T11:39:50","slug":"sherbimet-tona","status":"publish","type":"page","link":"https:\/\/proplan.al\/sq\/sherbimet-tona\/","title":{"rendered":"Sherbimet tona"},"content":{"rendered":"<div data-elementor-type=\"wp-page\" data-elementor-id=\"5374\" class=\"elementor elementor-5374\" data-elementor-settings=\"[]\">\n\t\t\t\t\t\t\t<div class=\"elementor-section-wrap\">\n\t\t\t\t\t\t\t<section data-particle_enable=\"false\" data-particle-mobile-disabled=\"false\" class=\"elementor-section elementor-top-section elementor-element elementor-element-b818330 elementor-section-boxed elementor-section-height-default elementor-section-height-default\" data-id=\"b818330\" data-element_type=\"section\">\n\t\t\t\t\t\t<div class=\"elementor-container elementor-column-gap-extended\">\n\t\t\t\t\t<div class=\"elementor-column elementor-col-33 elementor-top-column elementor-element elementor-element-54d79ee ot-flex-column-vertical\" data-id=\"54d79ee\" data-element_type=\"column\">\n\t\t\t<div class=\"elementor-widget-wrap elementor-element-populated\">\n\t\t\t\t\t\t\t\t<div class=\"elementor-element elementor-element-bcacf2a elementor-widget-tablet__width-initial elementor-widget elementor-widget-iheading\" data-id=\"bcacf2a\" data-element_type=\"widget\" data-widget_type=\"iheading.default\">\n\t\t\t\t<div class=\"elementor-widget-container\">\n\t\t\t\t\t<div class=\"ot-heading\">\r\n\t        \t            <span>[ sh\u00ebrbimet tona ]<\/span>\r\n\t        \t        <h2 class=\"main-heading\">Studio ambicioze me nj\u00eb koncept dhe ide t\u00eb suksesshme<\/h2>\r\n\t        \t    <\/div>\r\n\t    \t\t<\/div>\n\t\t\t\t<\/div>\n\t\t\t\t\t<\/div>\n\t\t<\/div>\n\t\t\t\t<div class=\"elementor-column elementor-col-66 elementor-top-column elementor-element elementor-element-f7d975d ot-flex-column-vertical\" data-id=\"f7d975d\" data-element_type=\"column\">\n\t\t\t<div class=\"elementor-widget-wrap elementor-element-populated\">\n\t\t\t\t\t\t\t\t<section data-particle_enable=\"false\" data-particle-mobile-disabled=\"false\" class=\"elementor-section elementor-inner-section elementor-element elementor-element-d29b1f0 elementor-section-full_width elementor-section-height-default elementor-section-height-default\" data-id=\"d29b1f0\" data-element_type=\"section\">\n\t\t\t\t\t\t<div class=\"elementor-container elementor-column-gap-extended\">\n\t\t\t\t\t<div class=\"elementor-column elementor-col-50 elementor-inner-column elementor-element elementor-element-cd4101d ot-flex-column-vertical\" data-id=\"cd4101d\" data-element_type=\"column\">\n\t\t\t<div class=\"elementor-widget-wrap elementor-element-populated\">\n\t\t\t\t\t\t\t\t<div class=\"elementor-element elementor-element-19f8da0 elementor-widget elementor-widget-iiconbox2\" data-id=\"19f8da0\" data-element_type=\"widget\" data-widget_type=\"iiconbox2.default\">\n\t\t\t\t<div class=\"elementor-widget-container\">\n\t\t\t\t\t<div class=\"icon-box icon-box--classic icon-box--icon-top\">\r\n\t\t\t<div class=\"icon-main\">\r\n\t\t        \t\t\t    \t\t        <span class=\"ot-flaticon-sphere\"><\/span>\t        <\/div>\r\n\t        <div class=\"content-box\">\r\n\t\t        <h5><a href=\"#\" class=\"title-link\">Dizajn enterieri<\/a><\/h5>\r\n\t\t        <p>Klient\u00ebt na zgjedhin p\u00ebr thjesht\u00ebsin\u00eb e komunikimit dhe p\u00ebr t\u00eb kuptuar se \u00e7far\u00eb \u00ebsht\u00eb e nevojshme p\u00ebr t\u00eb marr\u00eb n\u00eb fund.<\/p>\r\n\t\t\t<\/div>\r\n\t    <\/div>\r\n\t    \t\t<\/div>\n\t\t\t\t<\/div>\n\t\t\t\t\t<\/div>\n\t\t<\/div>\n\t\t\t\t<div class=\"elementor-column elementor-col-50 elementor-inner-column elementor-element elementor-element-234679e ot-flex-column-vertical\" data-id=\"234679e\" data-element_type=\"column\">\n\t\t\t<div class=\"elementor-widget-wrap elementor-element-populated\">\n\t\t\t\t\t\t\t\t<div class=\"elementor-element elementor-element-c84cdfe elementor-widget elementor-widget-iiconbox2\" data-id=\"c84cdfe\" data-element_type=\"widget\" data-widget_type=\"iiconbox2.default\">\n\t\t\t\t<div class=\"elementor-widget-container\">\n\t\t\t\t\t<div class=\"icon-box icon-box--classic icon-box--icon-top\">\r\n\t\t\t<div class=\"icon-main\">\r\n\t\t        \t\t\t    \t\t        <span class=\"ot-flaticon-measure\"><\/span>\t        <\/div>\r\n\t        <div class=\"content-box\">\r\n\t\t        <h5><a href=\"#\" class=\"title-link\">Dizajn eksterieri<\/a><\/h5>\r\n\t\t        <p>Ne zhvillojm\u00eb nj\u00eb cik\u00ebl t\u00eb plot\u00eb t\u00eb dokumentacionit t\u00eb projektit: nj\u00eb skic\u00eb skic\u00eb, nj\u00eb projekt projektimi, dokumentacion pune.<\/p>\r\n\t\t\t<\/div>\r\n\t    <\/div>\r\n\t    \t\t<\/div>\n\t\t\t\t<\/div>\n\t\t\t\t\t<\/div>\n\t\t<\/div>\n\t\t\t\t\t\t\t<\/div>\n\t\t<\/section>\n\t\t\t\t<section data-particle_enable=\"false\" data-particle-mobile-disabled=\"false\" class=\"elementor-section elementor-inner-section elementor-element elementor-element-fbb60e2 elementor-section-full_width elementor-section-height-default elementor-section-height-default\" data-id=\"fbb60e2\" data-element_type=\"section\">\n\t\t\t\t\t\t<div class=\"elementor-container elementor-column-gap-extended\">\n\t\t\t\t\t<div class=\"elementor-column elementor-col-50 elementor-inner-column elementor-element elementor-element-561c34c ot-flex-column-vertical\" data-id=\"561c34c\" data-element_type=\"column\">\n\t\t\t<div class=\"elementor-widget-wrap elementor-element-populated\">\n\t\t\t\t\t\t\t\t<div class=\"elementor-element elementor-element-1cdfc16 elementor-widget elementor-widget-iiconbox2\" data-id=\"1cdfc16\" data-element_type=\"widget\" data-widget_type=\"iiconbox2.default\">\n\t\t\t\t<div class=\"elementor-widget-container\">\n\t\t\t\t\t<div class=\"icon-box icon-box--classic icon-box--icon-top\">\r\n\t\t\t<div class=\"icon-main\">\r\n\t\t        \t\t\t    \t\t        <span class=\"ot-flaticon-home\"><\/span>\t        <\/div>\r\n\t        <div class=\"content-box\">\r\n\t\t        <h5><a href=\"#\" class=\"title-link\">Realizim<\/a><\/h5>\r\n\t\t        <p>Ne ofrojm\u00eb nj\u00eb gam\u00eb t\u00eb gjer\u00eb sh\u00ebrbimesh, punojm\u00eb n\u00eb stile t\u00eb ndryshme, projektojm\u00eb prona komerciale dhe rezidenciale.<\/p>\r\n\t\t\t<\/div>\r\n\t    <\/div>\r\n\t    \t\t<\/div>\n\t\t\t\t<\/div>\n\t\t\t\t\t<\/div>\n\t\t<\/div>\n\t\t\t\t<div class=\"elementor-column elementor-col-50 elementor-inner-column elementor-element elementor-element-062cca9 ot-flex-column-vertical\" data-id=\"062cca9\" data-element_type=\"column\">\n\t\t\t<div class=\"elementor-widget-wrap elementor-element-populated\">\n\t\t\t\t\t\t\t\t<div class=\"elementor-element elementor-element-1a37480 elementor-widget elementor-widget-iiconbox2\" data-id=\"1a37480\" data-element_type=\"widget\" data-widget_type=\"iiconbox2.default\">\n\t\t\t\t<div class=\"elementor-widget-container\">\n\t\t\t\t\t<div class=\"icon-box icon-box--classic icon-box--icon-top\">\r\n\t\t\t<div class=\"icon-main\">\r\n\t\t        \t\t\t    \t\t        <span class=\"ot-flaticon-house\"><\/span>\t        <\/div>\r\n\t        <div class=\"content-box\">\r\n\t\t        <h5><a href=\"#\" class=\"title-link\">Mbik\u00ebqyrje<\/a><\/h5>\r\n\t\t        <p>Ne zhvillojm\u00eb nj\u00eb hap\u00ebsir\u00eb \u200b\u200bt\u00ebrheq\u00ebse dhe t\u00eb p\u00ebrshtatshme p\u00ebr pun\u00eb dhe koh\u00eb t\u00eb lir\u00eb, duke punuar n\u00eb nj\u00ebsi, duke p\u00ebrzgjedhur materiale, prodhues. <\/p>\r\n\t\t\t<\/div>\r\n\t    <\/div>\r\n\t    \t\t<\/div>\n\t\t\t\t<\/div>\n\t\t\t\t\t<\/div>\n\t\t<\/div>\n\t\t\t\t\t\t\t<\/div>\n\t\t<\/section>\n\t\t\t\t\t<\/div>\n\t\t<\/div>\n\t\t\t\t\t\t\t<\/div>\n\t\t<\/section>\n\t\t\t\t\t\t<\/div>\n\t\t\t\t\t<\/div>","protected":false},"excerpt":{"rendered":"<p>[ our services] Ambitious Studio with a Successful Concept &#038; Ideas Interior Design Customers choose us for the simplicity of communication and an understanding of what it\u2019s necessary to receive in the end. Exterior design We develop a full cycle of project documentation: an outline sketch, a design project, working documentation. Execution We provide a [&hellip;]<\/p>","protected":false},"author":1,"featured_media":0,"parent":0,"menu_order":0,"comment_status":"closed","ping_status":"closed","template":"elementor_header_footer","meta":[],"yoast_head":"<!-- This site is optimized with the Yoast SEO plugin v17.9 - https:\/\/yoast.com\/wordpress\/plugins\/seo\/ -->\n<title>PROPLAN | Exterior | Interior | Execution<\/title>\n<meta name=\"robots\" content=\"index, follow, max-snippet:-1, max-image-preview:large, max-video-preview:-1\" \/>\n<link rel=\"canonical\" href=\"https:\/\/proplan.al\/sq\/sherbimet-tona\/\" \/>\n<meta property=\"og:locale\" content=\"sq_AL\" \/>\n<meta property=\"og:type\" content=\"article\" \/>\n<meta property=\"og:title\" content=\"PROPLAN | Exterior | Interior | Execution\" \/>\n<meta property=\"og:description\" content=\"[ our services] Ambitious Studio with a Successful Concept &#038; Ideas Interior Design Customers choose us for the simplicity of communication and an understanding of what it\u2019s necessary to receive in the end. Exterior design We develop a full cycle of project documentation: an outline sketch, a design project, working documentation. Execution We provide a [&hellip;]\" \/>\n<meta property=\"og:url\" content=\"https:\/\/proplan.al\/sq\/sherbimet-tona\/\" \/>\n<meta property=\"og:site_name\" content=\"PROPLAN\" \/>\n<meta property=\"article:modified_time\" content=\"2021-12-29T11:39:50+00:00\" \/>\n<meta property=\"og:image\" content=\"https:\/\/proplan.al\/wp-content\/uploads\/2021\/12\/proplanp.jpg\" \/>\n\t<meta property=\"og:image:width\" content=\"513\" \/>\n\t<meta property=\"og:image:height\" content=\"513\" \/>\n\t<meta property=\"og:image:type\" content=\"image\/jpeg\" \/>\n<meta name=\"twitter:card\" content=\"summary_large_image\" \/>\n<script type=\"application\/ld+json\" class=\"yoast-schema-graph\">{\"@context\":\"https:\/\/schema.org\",\"@graph\":[{\"@type\":\"Organization\",\"@id\":\"https:\/\/proplan.al\/#organization\",\"name\":\"Proplan\",\"url\":\"https:\/\/proplan.al\/\",\"sameAs\":[\"https:\/\/instagram.com\/proplan.studio\/\",\"https:\/\/www.youtube.com\/channel\/UCjwvSi9CLru_sQd8YIOYvxg\/featured\"],\"logo\":{\"@type\":\"ImageObject\",\"@id\":\"https:\/\/proplan.al\/#logo\",\"inLanguage\":\"sq\",\"url\":\"https:\/\/proplan.al\/wp-content\/uploads\/2021\/12\/proplan-logo-outline.svg\",\"contentUrl\":\"https:\/\/proplan.al\/wp-content\/uploads\/2021\/12\/proplan-logo-outline.svg\",\"width\":372,\"height\":68,\"caption\":\"Proplan\"},\"image\":{\"@id\":\"https:\/\/proplan.al\/#logo\"}},{\"@type\":\"WebSite\",\"@id\":\"https:\/\/proplan.al\/#website\",\"url\":\"https:\/\/proplan.al\/\",\"name\":\"PROPLAN\",\"description\":\"Exterior | Interior | Execution\",\"publisher\":{\"@id\":\"https:\/\/proplan.al\/#organization\"},\"potentialAction\":[{\"@type\":\"SearchAction\",\"target\":{\"@type\":\"EntryPoint\",\"urlTemplate\":\"https:\/\/proplan.al\/?s={search_term_string}\"},\"query-input\":\"required name=search_term_string\"}],\"inLanguage\":\"sq\"},{\"@type\":\"WebPage\",\"@id\":\"https:\/\/proplan.al\/sherbimet-tona\/#webpage\",\"url\":\"https:\/\/proplan.al\/sherbimet-tona\/\",\"name\":\"PROPLAN | Exterior | Interior | Execution\",\"isPartOf\":{\"@id\":\"https:\/\/proplan.al\/#website\"},\"datePublished\":\"2021-12-29T11:37:04+00:00\",\"dateModified\":\"2021-12-29T11:39:50+00:00\",\"breadcrumb\":{\"@id\":\"https:\/\/proplan.al\/sherbimet-tona\/#breadcrumb\"},\"inLanguage\":\"sq\",\"potentialAction\":[{\"@type\":\"ReadAction\",\"target\":[\"https:\/\/proplan.al\/sherbimet-tona\/\"]}]},{\"@type\":\"BreadcrumbList\",\"@id\":\"https:\/\/proplan.al\/sherbimet-tona\/#breadcrumb\",\"itemListElement\":[{\"@type\":\"ListItem\",\"position\":1,\"name\":\"Home\",\"item\":\"https:\/\/proplan.al\/\"},{\"@type\":\"ListItem\",\"position\":2,\"name\":\"Sherbimet tona\"}]}]}<\/script>\n<!-- \/ Yoast SEO plugin. -->","yoast_head_json":{"title":"PROPLAN | Exterior | Interior | Execution","robots":{"index":"index","follow":"follow","max-snippet":"max-snippet:-1","max-image-preview":"max-image-preview:large","max-video-preview":"max-video-preview:-1"},"canonical":"https:\/\/proplan.al\/sq\/sherbimet-tona\/","og_locale":"sq_AL","og_type":"article","og_title":"PROPLAN | Exterior | Interior | Execution","og_description":"[ our services] Ambitious Studio with a Successful Concept &#038; Ideas Interior Design Customers choose us for the simplicity of communication and an understanding of what it\u2019s necessary to receive in the end. Exterior design We develop a full cycle of project documentation: an outline sketch, a design project, working documentation. Execution We provide a [&hellip;]","og_url":"https:\/\/proplan.al\/sq\/sherbimet-tona\/","og_site_name":"PROPLAN","article_modified_time":"2021-12-29T11:39:50+00:00","og_image":[{"width":513,"height":513,"url":"https:\/\/proplan.al\/wp-content\/uploads\/2021\/12\/proplanp.jpg","type":"image\/jpeg"}],"twitter_card":"summary_large_image","schema":{"@context":"https:\/\/schema.org","@graph":[{"@type":"Organization","@id":"https:\/\/proplan.al\/#organization","name":"Proplan","url":"https:\/\/proplan.al\/","sameAs":["https:\/\/instagram.com\/proplan.studio\/","https:\/\/www.youtube.com\/channel\/UCjwvSi9CLru_sQd8YIOYvxg\/featured"],"logo":{"@type":"ImageObject","@id":"https:\/\/proplan.al\/#logo","inLanguage":"sq","url":"https:\/\/proplan.al\/wp-content\/uploads\/2021\/12\/proplan-logo-outline.svg","contentUrl":"https:\/\/proplan.al\/wp-content\/uploads\/2021\/12\/proplan-logo-outline.svg","width":372,"height":68,"caption":"Proplan"},"image":{"@id":"https:\/\/proplan.al\/#logo"}},{"@type":"WebSite","@id":"https:\/\/proplan.al\/#website","url":"https:\/\/proplan.al\/","name":"PROPLAN","description":"Exterior | Interior | Execution","publisher":{"@id":"https:\/\/proplan.al\/#organization"},"potentialAction":[{"@type":"SearchAction","target":{"@type":"EntryPoint","urlTemplate":"https:\/\/proplan.al\/?s={search_term_string}"},"query-input":"required name=search_term_string"}],"inLanguage":"sq"},{"@type":"WebPage","@id":"https:\/\/proplan.al\/sherbimet-tona\/#webpage","url":"https:\/\/proplan.al\/sherbimet-tona\/","name":"PROPLAN | Exterior | Interior | Execution","isPartOf":{"@id":"https:\/\/proplan.al\/#website"},"datePublished":"2021-12-29T11:37:04+00:00","dateModified":"2021-12-29T11:39:50+00:00","breadcrumb":{"@id":"https:\/\/proplan.al\/sherbimet-tona\/#breadcrumb"},"inLanguage":"sq","potentialAction":[{"@type":"ReadAction","target":["https:\/\/proplan.al\/sherbimet-tona\/"]}]},{"@type":"BreadcrumbList","@id":"https:\/\/proplan.al\/sherbimet-tona\/#breadcrumb","itemListElement":[{"@type":"ListItem","position":1,"name":"Home","item":"https:\/\/proplan.al\/"},{"@type":"ListItem","position":2,"name":"Sherbimet tona"}]}]}},"_links":{"self":[{"href":"https:\/\/proplan.al\/sq\/wp-json\/wp\/v2\/pages\/5374"}],"collection":[{"href":"https:\/\/proplan.al\/sq\/wp-json\/wp\/v2\/pages"}],"about":[{"href":"https:\/\/proplan.al\/sq\/wp-json\/wp\/v2\/types\/page"}],"author":[{"embeddable":true,"href":"https:\/\/proplan.al\/sq\/wp-json\/wp\/v2\/users\/1"}],"replies":[{"embeddable":true,"href":"https:\/\/proplan.al\/sq\/wp-json\/wp\/v2\/comments?post=5374"}],"version-history":[{"count":4,"href":"https:\/\/proplan.al\/sq\/wp-json\/wp\/v2\/pages\/5374\/revisions"}],"predecessor-version":[{"id":5378,"href":"https:\/\/proplan.al\/sq\/wp-json\/wp\/v2\/pages\/5374\/revisions\/5378"}],"wp:attachment":[{"href":"https:\/\/proplan.al\/sq\/wp-json\/wp\/v2\/media?parent=5374"}],"curies":[{"name":"wp","href":"https:\/\/api.w.org\/{rel}","templated":true}]}}