{"id":5390,"date":"2021-12-29T13:04:27","date_gmt":"2021-12-29T13:04:27","guid":{"rendered":"https:\/\/proplan.al\/?page_id=5390"},"modified":"2021-12-30T09:01:59","modified_gmt":"2021-12-30T09:01:59","slug":"ekip-yne","status":"publish","type":"page","link":"https:\/\/proplan.al\/sq\/ekip-yne\/","title":{"rendered":"EKIP YNE"},"content":{"rendered":"<div data-elementor-type=\"wp-page\" data-elementor-id=\"5390\" class=\"elementor elementor-5390\" data-elementor-settings=\"[]\">\n\t\t\t\t\t\t\t<div class=\"elementor-section-wrap\">\n\t\t\t\t\t\t\t<section data-particle_enable=\"false\" data-particle-mobile-disabled=\"false\" class=\"elementor-section elementor-top-section elementor-element elementor-element-bafc786 elementor-section-boxed elementor-section-height-default elementor-section-height-default\" data-id=\"bafc786\" data-element_type=\"section\">\n\t\t\t\t\t\t<div class=\"elementor-container elementor-column-gap-default\">\n\t\t\t\t\t<div class=\"elementor-column elementor-col-50 elementor-top-column elementor-element elementor-element-2db2456 ot-column-items-center ot-flex-column-vertical\" data-id=\"2db2456\" data-element_type=\"column\" data-settings=\"{&quot;background_background&quot;:&quot;classic&quot;}\">\n\t\t\t<div class=\"elementor-widget-wrap elementor-element-populated\">\n\t\t\t\t\t\t\t\t<div class=\"elementor-element elementor-element-2e6cff5 elementor-widget elementor-widget-heading\" data-id=\"2e6cff5\" data-element_type=\"widget\" data-widget_type=\"heading.default\">\n\t\t\t\t<div class=\"elementor-widget-container\">\n\t\t\t<style>\/*! elementor - v3.5.3 - 28-12-2021 *\/\n.elementor-heading-title{padding:0;margin:0;line-height:1}.elementor-widget-heading .elementor-heading-title[class*=elementor-size-]>a{color:inherit;font-size:inherit;line-height:inherit}.elementor-widget-heading .elementor-heading-title.elementor-size-small{font-size:15px}.elementor-widget-heading .elementor-heading-title.elementor-size-medium{font-size:19px}.elementor-widget-heading .elementor-heading-title.elementor-size-large{font-size:29px}.elementor-widget-heading .elementor-heading-title.elementor-size-xl{font-size:39px}.elementor-widget-heading .elementor-heading-title.elementor-size-xxl{font-size:59px}<\/style><h2 class=\"elementor-heading-title elementor-size-default\">Besart Fisteku<\/h2>\t\t<\/div>\n\t\t\t\t<\/div>\n\t\t\t\t<div class=\"elementor-element elementor-element-198f308 elementor-widget elementor-widget-heading\" data-id=\"198f308\" data-element_type=\"widget\" data-widget_type=\"heading.default\">\n\t\t\t\t<div class=\"elementor-widget-container\">\n\t\t\t<h2 class=\"elementor-heading-title elementor-size-default\"> [ Arkitekt ]<\/h2>\t\t<\/div>\n\t\t\t\t<\/div>\n\t\t\t\t<div class=\"elementor-element elementor-element-695596e elementor-widget elementor-widget-text-editor\" data-id=\"695596e\" data-element_type=\"widget\" data-widget_type=\"text-editor.default\">\n\t\t\t\t<div class=\"elementor-widget-container\">\n\t\t\t<style>\/*! elementor - v3.5.3 - 28-12-2021 *\/\n.elementor-widget-text-editor.elementor-drop-cap-view-stacked .elementor-drop-cap{background-color:#818a91;color:#fff}.elementor-widget-text-editor.elementor-drop-cap-view-framed .elementor-drop-cap{color:#818a91;border:3px solid;background-color:transparent}.elementor-widget-text-editor:not(.elementor-drop-cap-view-default) .elementor-drop-cap{margin-top:8px}.elementor-widget-text-editor:not(.elementor-drop-cap-view-default) .elementor-drop-cap-letter{width:1em;height:1em}.elementor-widget-text-editor .elementor-drop-cap{float:left;text-align:center;line-height:1;font-size:50px}.elementor-widget-text-editor .elementor-drop-cap-letter{display:inline-block}<\/style>\t\t\t\t<ul class=\"member-info\"><li><span class=\"text-light\">DEPARTMENTI:<\/span> Dizajn<\/li><li><span class=\"text-light\">P\u00cbRVOJA:<\/span> 15 Vite<\/li><li><span class=\"text-light\">EMAIL:<\/span> olivia.peterson@mail.com<\/li><li><span class=\"text-light\">TEL:<\/span> +1-800-456-478-23<\/li><\/ul>\t\t\t\t\t\t<\/div>\n\t\t\t\t<\/div>\n\t\t\t\t\t<\/div>\n\t\t<\/div>\n\t\t\t\t<div class=\"elementor-column elementor-col-50 elementor-top-column elementor-element elementor-element-cfd0e97 ot-flex-column-vertical\" data-id=\"cfd0e97\" data-element_type=\"column\">\n\t\t\t<div class=\"elementor-widget-wrap elementor-element-populated\">\n\t\t\t\t\t\t\t\t<div class=\"elementor-element elementor-element-acdc956 elementor-widget elementor-widget-heading\" data-id=\"acdc956\" data-element_type=\"widget\" data-widget_type=\"heading.default\">\n\t\t\t\t<div class=\"elementor-widget-container\">\n\t\t\t<h4 class=\"elementor-heading-title elementor-size-default\">Biografia<\/h4>\t\t<\/div>\n\t\t\t\t<\/div>\n\t\t\t\t<div class=\"elementor-element elementor-element-409946a elementor-widget elementor-widget-text-editor\" data-id=\"409946a\" data-element_type=\"widget\" data-widget_type=\"text-editor.default\">\n\t\t\t\t<div class=\"elementor-widget-container\">\n\t\t\t\t\t\t\tOlivia u zgjodh p\u00ebr t\u00eb gjykuar edicionin e 3-t\u00eb t\u00eb Dezeen Awards. Duke pasur shum\u00eb vite ekspertiz\u00eb n\u00eb projektimin e hap\u00ebsirave rezidenciale dhe publike - themeluesi dhe arkitekti kryesor i Theratio dhe autori i FAIN do t\u00eb shikoj\u00eb hyrjet m\u00eb t\u00eb mira nga e gjith\u00eb bota. E emocionuar dhe krenare q\u00eb jam shpallur si m\u00eb i miri n\u00eb krijimin e zyrave k\u00ebt\u00eb vit - <span style=\"color: #1a1a1a;\"><strong>only 5 small workspace interiors around the world and we are among them!<\/strong><\/span> Feeling so powerful to break the boundaries and build new design. Every element of the system is made with exquisite goose down padding to ensure maximum comfort, features cushions finished with a piping that defines their profile and a distinctive aluminium strip, slightly rounded at the edges which skims the floor, in a brand new polished Brandy colour finish.\t\t\t\t\t\t<\/div>\n\t\t\t\t<\/div>\n\t\t\t\t\t<\/div>\n\t\t<\/div>\n\t\t\t\t\t\t\t<\/div>\n\t\t<\/section>\n\t\t\t\t<section data-particle_enable=\"false\" data-particle-mobile-disabled=\"false\" class=\"elementor-section elementor-top-section elementor-element elementor-element-1b21d5d elementor-section-boxed elementor-section-height-default elementor-section-height-default\" data-id=\"1b21d5d\" data-element_type=\"section\">\n\t\t\t\t\t\t<div class=\"elementor-container elementor-column-gap-default\">\n\t\t\t\t\t<div class=\"elementor-column elementor-col-50 elementor-top-column elementor-element elementor-element-9709ec1 ot-column-items-center ot-flex-column-vertical\" data-id=\"9709ec1\" data-element_type=\"column\" data-settings=\"{&quot;background_background&quot;:&quot;classic&quot;}\">\n\t\t\t<div class=\"elementor-widget-wrap elementor-element-populated\">\n\t\t\t\t\t\t\t\t<div class=\"elementor-element elementor-element-983cce2 elementor-widget elementor-widget-heading\" data-id=\"983cce2\" data-element_type=\"widget\" data-widget_type=\"heading.default\">\n\t\t\t\t<div class=\"elementor-widget-container\">\n\t\t\t<h2 class=\"elementor-heading-title elementor-size-default\">Blerina Fisteku<\/h2>\t\t<\/div>\n\t\t\t\t<\/div>\n\t\t\t\t<div class=\"elementor-element elementor-element-f4abb5f elementor-widget elementor-widget-heading\" data-id=\"f4abb5f\" data-element_type=\"widget\" data-widget_type=\"heading.default\">\n\t\t\t\t<div class=\"elementor-widget-container\">\n\t\t\t<h2 class=\"elementor-heading-title elementor-size-default\"> [ Arkitekt ]<\/h2>\t\t<\/div>\n\t\t\t\t<\/div>\n\t\t\t\t<div class=\"elementor-element elementor-element-03b270d elementor-widget elementor-widget-text-editor\" data-id=\"03b270d\" data-element_type=\"widget\" data-widget_type=\"text-editor.default\">\n\t\t\t\t<div class=\"elementor-widget-container\">\n\t\t\t\t\t\t\t<ul class=\"member-info\"><li><span class=\"text-light\">DEPARTMENTI:<\/span> Dizajn<\/li><li><span class=\"text-light\">P\u00cbRVOJA:<\/span> 15 Vite<\/li><li><span class=\"text-light\">EMAIL:<\/span> olivia.peterson@mail.com<\/li><li><span class=\"text-light\">TEL:<\/span> +1-800-456-478-23<\/li><\/ul>\t\t\t\t\t\t<\/div>\n\t\t\t\t<\/div>\n\t\t\t\t\t<\/div>\n\t\t<\/div>\n\t\t\t\t<div class=\"elementor-column elementor-col-50 elementor-top-column elementor-element elementor-element-87c674e ot-flex-column-vertical\" data-id=\"87c674e\" data-element_type=\"column\">\n\t\t\t<div class=\"elementor-widget-wrap elementor-element-populated\">\n\t\t\t\t\t\t\t\t<div class=\"elementor-element elementor-element-51d7181 elementor-widget elementor-widget-heading\" data-id=\"51d7181\" data-element_type=\"widget\" data-widget_type=\"heading.default\">\n\t\t\t\t<div class=\"elementor-widget-container\">\n\t\t\t<h4 class=\"elementor-heading-title elementor-size-default\">Biografia<\/h4>\t\t<\/div>\n\t\t\t\t<\/div>\n\t\t\t\t<div class=\"elementor-element elementor-element-22bcc9a elementor-widget elementor-widget-text-editor\" data-id=\"22bcc9a\" data-element_type=\"widget\" data-widget_type=\"text-editor.default\">\n\t\t\t\t<div class=\"elementor-widget-container\">\n\t\t\t\t\t\t\tOlivia u zgjodh p\u00ebr t\u00eb gjykuar edicionin e 3-t\u00eb t\u00eb Dezeen Awards. Duke pasur shum\u00eb vite ekspertiz\u00eb n\u00eb projektimin e hap\u00ebsirave rezidenciale dhe publike - themeluesi dhe arkitekti kryesor i Theratio dhe autori i FAIN do t\u00eb shikoj\u00eb hyrjet m\u00eb t\u00eb mira nga e gjith\u00eb bota. E emocionuar dhe krenare q\u00eb jam shpallur si m\u00eb i miri n\u00eb krijimin e zyrave k\u00ebt\u00eb vit - <span style=\"color: #1a1a1a;\"><strong>only 5 small workspace interiors around the world and we are among them!<\/strong><\/span> Feeling so powerful to break the boundaries and build new design. Every element of the system is made with exquisite goose down padding to ensure maximum comfort, features cushions finished with a piping that defines their profile and a distinctive aluminium strip, slightly rounded at the edges which skims the floor, in a brand new polished Brandy colour finish.\t\t\t\t\t\t<\/div>\n\t\t\t\t<\/div>\n\t\t\t\t\t<\/div>\n\t\t<\/div>\n\t\t\t\t\t\t\t<\/div>\n\t\t<\/section>\n\t\t\t\t\t\t<\/div>\n\t\t\t\t\t<\/div>","protected":false},"excerpt":{"rendered":"<p>Besart Fisteku [ Architect ] DEPARTMENT: Design EXPERIENCE: 15 Years EMAIL: olivia.peterson@mail.com PHONE: +1-800-456-478-23 Biography Olivia was elected to judge the 3-rd edition of Dezeen Awards. Having many years of expertise in the design of residential and public spaces \u2014 the founder and chief architect of Theratio and author of FAIN will look at the [&hellip;]<\/p>","protected":false},"author":1,"featured_media":0,"parent":0,"menu_order":0,"comment_status":"closed","ping_status":"closed","template":"elementor_header_footer","meta":[],"yoast_head":"<!-- This site is optimized with the Yoast SEO plugin v17.9 - https:\/\/yoast.com\/wordpress\/plugins\/seo\/ -->\n<title>PROPLAN | Exterior | Interior | Execution<\/title>\n<meta name=\"robots\" content=\"index, follow, max-snippet:-1, max-image-preview:large, max-video-preview:-1\" \/>\n<link rel=\"canonical\" href=\"https:\/\/proplan.al\/sq\/ekip-yne\/\" \/>\n<meta property=\"og:locale\" content=\"sq_AL\" \/>\n<meta property=\"og:type\" content=\"article\" \/>\n<meta property=\"og:title\" content=\"PROPLAN | Exterior | Interior | Execution\" \/>\n<meta property=\"og:description\" content=\"Besart Fisteku [ Architect ] DEPARTMENT: Design EXPERIENCE: 15 Years EMAIL: olivia.peterson@mail.com PHONE: +1-800-456-478-23 Biography Olivia was elected to judge the 3-rd edition of Dezeen Awards. Having many years of expertise in the design of residential and public spaces \u2014 the founder and chief architect of Theratio and author of FAIN will look at the [&hellip;]\" \/>\n<meta property=\"og:url\" content=\"https:\/\/proplan.al\/sq\/ekip-yne\/\" \/>\n<meta property=\"og:site_name\" content=\"PROPLAN\" \/>\n<meta property=\"article:modified_time\" content=\"2021-12-30T09:01:59+00:00\" \/>\n<meta property=\"og:image\" content=\"https:\/\/proplan.al\/wp-content\/uploads\/2021\/12\/proplanp.jpg\" \/>\n\t<meta property=\"og:image:width\" content=\"513\" \/>\n\t<meta property=\"og:image:height\" content=\"513\" \/>\n\t<meta property=\"og:image:type\" content=\"image\/jpeg\" \/>\n<meta name=\"twitter:card\" content=\"summary_large_image\" \/>\n<meta name=\"twitter:label1\" content=\"Est. reading time\" \/>\n\t<meta name=\"twitter:data1\" content=\"1 minut\u00eb\" \/>\n<script type=\"application\/ld+json\" class=\"yoast-schema-graph\">{\"@context\":\"https:\/\/schema.org\",\"@graph\":[{\"@type\":\"Organization\",\"@id\":\"https:\/\/proplan.al\/#organization\",\"name\":\"Proplan\",\"url\":\"https:\/\/proplan.al\/\",\"sameAs\":[\"https:\/\/instagram.com\/proplan.studio\/\",\"https:\/\/www.youtube.com\/channel\/UCjwvSi9CLru_sQd8YIOYvxg\/featured\"],\"logo\":{\"@type\":\"ImageObject\",\"@id\":\"https:\/\/proplan.al\/#logo\",\"inLanguage\":\"sq\",\"url\":\"https:\/\/proplan.al\/wp-content\/uploads\/2021\/12\/proplan-logo-outline.svg\",\"contentUrl\":\"https:\/\/proplan.al\/wp-content\/uploads\/2021\/12\/proplan-logo-outline.svg\",\"width\":372,\"height\":68,\"caption\":\"Proplan\"},\"image\":{\"@id\":\"https:\/\/proplan.al\/#logo\"}},{\"@type\":\"WebSite\",\"@id\":\"https:\/\/proplan.al\/#website\",\"url\":\"https:\/\/proplan.al\/\",\"name\":\"PROPLAN\",\"description\":\"Exterior | Interior | Execution\",\"publisher\":{\"@id\":\"https:\/\/proplan.al\/#organization\"},\"potentialAction\":[{\"@type\":\"SearchAction\",\"target\":{\"@type\":\"EntryPoint\",\"urlTemplate\":\"https:\/\/proplan.al\/?s={search_term_string}\"},\"query-input\":\"required name=search_term_string\"}],\"inLanguage\":\"sq\"},{\"@type\":\"WebPage\",\"@id\":\"https:\/\/proplan.al\/ekip-yne\/#webpage\",\"url\":\"https:\/\/proplan.al\/ekip-yne\/\",\"name\":\"PROPLAN | Exterior | Interior | Execution\",\"isPartOf\":{\"@id\":\"https:\/\/proplan.al\/#website\"},\"datePublished\":\"2021-12-29T13:04:27+00:00\",\"dateModified\":\"2021-12-30T09:01:59+00:00\",\"breadcrumb\":{\"@id\":\"https:\/\/proplan.al\/ekip-yne\/#breadcrumb\"},\"inLanguage\":\"sq\",\"potentialAction\":[{\"@type\":\"ReadAction\",\"target\":[\"https:\/\/proplan.al\/ekip-yne\/\"]}]},{\"@type\":\"BreadcrumbList\",\"@id\":\"https:\/\/proplan.al\/ekip-yne\/#breadcrumb\",\"itemListElement\":[{\"@type\":\"ListItem\",\"position\":1,\"name\":\"Home\",\"item\":\"https:\/\/proplan.al\/\"},{\"@type\":\"ListItem\",\"position\":2,\"name\":\"EKIP YNE\"}]}]}<\/script>\n<!-- \/ Yoast SEO plugin. -->","yoast_head_json":{"title":"PROPLAN | Exterior | Interior | Execution","robots":{"index":"index","follow":"follow","max-snippet":"max-snippet:-1","max-image-preview":"max-image-preview:large","max-video-preview":"max-video-preview:-1"},"canonical":"https:\/\/proplan.al\/sq\/ekip-yne\/","og_locale":"sq_AL","og_type":"article","og_title":"PROPLAN | Exterior | Interior | Execution","og_description":"Besart Fisteku [ Architect ] DEPARTMENT: Design EXPERIENCE: 15 Years EMAIL: olivia.peterson@mail.com PHONE: +1-800-456-478-23 Biography Olivia was elected to judge the 3-rd edition of Dezeen Awards. Having many years of expertise in the design of residential and public spaces \u2014 the founder and chief architect of Theratio and author of FAIN will look at the [&hellip;]","og_url":"https:\/\/proplan.al\/sq\/ekip-yne\/","og_site_name":"PROPLAN","article_modified_time":"2021-12-30T09:01:59+00:00","og_image":[{"width":513,"height":513,"url":"https:\/\/proplan.al\/wp-content\/uploads\/2021\/12\/proplanp.jpg","type":"image\/jpeg"}],"twitter_card":"summary_large_image","twitter_misc":{"Est. reading time":"1 minut\u00eb"},"schema":{"@context":"https:\/\/schema.org","@graph":[{"@type":"Organization","@id":"https:\/\/proplan.al\/#organization","name":"Proplan","url":"https:\/\/proplan.al\/","sameAs":["https:\/\/instagram.com\/proplan.studio\/","https:\/\/www.youtube.com\/channel\/UCjwvSi9CLru_sQd8YIOYvxg\/featured"],"logo":{"@type":"ImageObject","@id":"https:\/\/proplan.al\/#logo","inLanguage":"sq","url":"https:\/\/proplan.al\/wp-content\/uploads\/2021\/12\/proplan-logo-outline.svg","contentUrl":"https:\/\/proplan.al\/wp-content\/uploads\/2021\/12\/proplan-logo-outline.svg","width":372,"height":68,"caption":"Proplan"},"image":{"@id":"https:\/\/proplan.al\/#logo"}},{"@type":"WebSite","@id":"https:\/\/proplan.al\/#website","url":"https:\/\/proplan.al\/","name":"PROPLAN","description":"Exterior | Interior | Execution","publisher":{"@id":"https:\/\/proplan.al\/#organization"},"potentialAction":[{"@type":"SearchAction","target":{"@type":"EntryPoint","urlTemplate":"https:\/\/proplan.al\/?s={search_term_string}"},"query-input":"required name=search_term_string"}],"inLanguage":"sq"},{"@type":"WebPage","@id":"https:\/\/proplan.al\/ekip-yne\/#webpage","url":"https:\/\/proplan.al\/ekip-yne\/","name":"PROPLAN | Exterior | Interior | Execution","isPartOf":{"@id":"https:\/\/proplan.al\/#website"},"datePublished":"2021-12-29T13:04:27+00:00","dateModified":"2021-12-30T09:01:59+00:00","breadcrumb":{"@id":"https:\/\/proplan.al\/ekip-yne\/#breadcrumb"},"inLanguage":"sq","potentialAction":[{"@type":"ReadAction","target":["https:\/\/proplan.al\/ekip-yne\/"]}]},{"@type":"BreadcrumbList","@id":"https:\/\/proplan.al\/ekip-yne\/#breadcrumb","itemListElement":[{"@type":"ListItem","position":1,"name":"Home","item":"https:\/\/proplan.al\/"},{"@type":"ListItem","position":2,"name":"EKIP YNE"}]}]}},"_links":{"self":[{"href":"https:\/\/proplan.al\/sq\/wp-json\/wp\/v2\/pages\/5390"}],"collection":[{"href":"https:\/\/proplan.al\/sq\/wp-json\/wp\/v2\/pages"}],"about":[{"href":"https:\/\/proplan.al\/sq\/wp-json\/wp\/v2\/types\/page"}],"author":[{"embeddable":true,"href":"https:\/\/proplan.al\/sq\/wp-json\/wp\/v2\/users\/1"}],"replies":[{"embeddable":true,"href":"https:\/\/proplan.al\/sq\/wp-json\/wp\/v2\/comments?post=5390"}],"version-history":[{"count":64,"href":"https:\/\/proplan.al\/sq\/wp-json\/wp\/v2\/pages\/5390\/revisions"}],"predecessor-version":[{"id":5511,"href":"https:\/\/proplan.al\/sq\/wp-json\/wp\/v2\/pages\/5390\/revisions\/5511"}],"wp:attachment":[{"href":"https:\/\/proplan.al\/sq\/wp-json\/wp\/v2\/media?parent=5390"}],"curies":[{"name":"wp","href":"https:\/\/api.w.org\/{rel}","templated":true}]}}